{"id":27,"date":"2014-04-13T16:17:01","date_gmt":"2014-04-13T16:17:01","guid":{"rendered":"http:\/\/agomar.com.ar\/?page_id=27"},"modified":"2014-07-03T13:05:48","modified_gmt":"2014-07-03T13:05:48","slug":"clientes","status":"publish","type":"page","link":"http:\/\/agomar.com.ar\/?page_id=27","title":{"rendered":"Clientes"},"content":{"rendered":"<h1><span style=\"color: #9dd921;\">Buenas Referencias,<br \/>\nel Aval de nuestros Clientes.<br \/>\n<\/span><\/h1>\n<p>&nbsp;<\/p>\n<p>Para <span style=\"color: #c0c0c0;\"><strong>Talleres Metal\u00fargicos Agomar S.R.L<\/strong><\/span>. es un orgullo poner a su disposici\u00f3n nuestra cartera de clientes actuales. Ellos son nuestra mejor garant\u00eda de satisfacci\u00f3n.<\/p>\n<table width=\"100%\" cellspacing=\"10\">\n<tbody>\n<tr>\n<td><span style=\"color: #9dd921;\">CARTOCOR LUJAN S.A.<\/span><br \/>\nLuj\u00e1n, Bs.As.<br \/>\nCto: Stephane Redont<\/td>\n<td><span style=\"color: #9dd921;\">ESTAMPADOS ROTATIVOS<\/span><br \/>\nLuj\u00e1n, Bs. As.<br \/>\nCto: Carlos V\u00e1zquez<\/td>\n<\/tr>\n<tr>\n<td><span style=\"color: #9dd921;\">CARTOCOR PARANA S.A.<\/span><br \/>\nParan\u00e1, Entre R\u00edos<br \/>\nCto: Marcelo Barbosa<\/td>\n<td><span style=\"color: #9dd921;\">FRENOS DOPPLER<\/span><br \/>\nLuj\u00e1n, Bs. As.<br \/>\nCto: Gast\u00f3n Strubbe<\/td>\n<\/tr>\n<tr>\n<td><span style=\"color: #9dd921;\">CARTOCOR ARROYITO S.A.<\/span><br \/>\nArroyito, Cba<br \/>\nCto: Pablo Gil<\/td>\n<td><span style=\"color: #9dd921;\">SAUVE S.A.<\/span><br \/>\nExaltaci\u00f3n de la Cruz, Cba.<br \/>\nCto: Alejandro Carpinello.<\/td>\n<\/tr>\n<tr>\n<td><span style=\"color: #9dd921;\">MANUEL SANMARTIN S.A.<\/span><br \/>\nMercedes, Bs. As.<br \/>\nCto: Ignacio Caracoche.<\/td>\n<td><span style=\"color: #9dd921;\">LEAR de Argentina<\/span><br \/>\nPacheco, Bs. As.<br \/>\nCto: Gabriel Espinoza<\/td>\n<\/tr>\n<tr>\n<td><span style=\"color: #9dd921;\">YAZAKI ARGENTINA S.A.<\/span><br \/>\nEscobar, Bs. As.<br \/>\nCto: Jos\u00e9 Farias.<\/td>\n<td><span style=\"color: #9dd921;\">GONVARRI S.A.<\/span><br \/>\nEscobar, Bs. As.<br \/>\nCto: Pablo Tuzzio<\/td>\n<\/tr>\n<tr>\n<td><span style=\"color: #9dd921;\">MASTERFOOD ARG.<\/span><br \/>\nMercedes, Bs. As.<br \/>\nCto: Jos\u00e9 Knubel<\/td>\n<td><span style=\"color: #9dd921;\">F.V. SA<\/span><br \/>\nFlorida, Bs. As.<br \/>\nCto: Gustavo Costanzo<\/td>\n<\/tr>\n<tr>\n<td><span style=\"color: #9dd921;\">INVERSORA CERVECERA S.A<\/span><br \/>\nLuj\u00e1n, Bs. As.<br \/>\nCto: Fabi\u00e1n Esquerra<\/td>\n<td><span style=\"color: #9dd921;\">CEMBRASS SA<\/span><br \/>\nTortuguitas, Bs. As.<br \/>\nCto: Ramiro Ramos<\/td>\n<\/tr>\n<tr>\n<td><span style=\"color: #9dd921;\">CERVECERA Y MALT. QUILMES<\/span><br \/>\nQuilmes, Bs. As.<br \/>\nCto: Marcos Forteza<\/td>\n<td><\/td>\n<\/tr>\n<tr>\n<td><\/td>\n<td><\/td>\n<\/tr>\n<\/tbody>\n<\/table>\n","protected":false},"excerpt":{"rendered":"<p>Buenas Referencias, el Aval de nuestros Clientes. &nbsp; Para Talleres Metal\u00fargicos Agomar S.R.L. es un orgullo poner a su disposici\u00f3n nuestra cartera de clientes actuales. Ellos son nuestra mejor garant\u00eda de satisfacci\u00f3n. CARTOCOR LUJAN S.A. Luj\u00e1n, Bs.As. Cto: Stephane Redont &hellip; <a href=\"http:\/\/agomar.com.ar\/?page_id=27\">Sigue leyendo <span class=\"meta-nav\">&rarr;<\/span><\/a><\/p>\n","protected":false},"author":2,"featured_media":0,"parent":0,"menu_order":0,"comment_status":"closed","ping_status":"closed","template":"","meta":{"ngg_post_thumbnail":0,"footnotes":""},"class_list":["post-27","page","type-page","status-publish","hentry"],"_links":{"self":[{"href":"http:\/\/agomar.com.ar\/index.php?rest_route=\/wp\/v2\/pages\/27","targetHints":{"allow":["GET"]}}],"collection":[{"href":"http:\/\/agomar.com.ar\/index.php?rest_route=\/wp\/v2\/pages"}],"about":[{"href":"http:\/\/agomar.com.ar\/index.php?rest_route=\/wp\/v2\/types\/page"}],"author":[{"embeddable":true,"href":"http:\/\/agomar.com.ar\/index.php?rest_route=\/wp\/v2\/users\/2"}],"replies":[{"embeddable":true,"href":"http:\/\/agomar.com.ar\/index.php?rest_route=%2Fwp%2Fv2%2Fcomments&post=27"}],"version-history":[{"count":13,"href":"http:\/\/agomar.com.ar\/index.php?rest_route=\/wp\/v2\/pages\/27\/revisions"}],"predecessor-version":[{"id":141,"href":"http:\/\/agomar.com.ar\/index.php?rest_route=\/wp\/v2\/pages\/27\/revisions\/141"}],"wp:attachment":[{"href":"http:\/\/agomar.com.ar\/index.php?rest_route=%2Fwp%2Fv2%2Fmedia&parent=27"}],"curies":[{"name":"wp","href":"https:\/\/api.w.org\/{rel}","templated":true}]}}