{"id":25,"date":"2014-04-13T16:16:24","date_gmt":"2014-04-13T16:16:24","guid":{"rendered":"http:\/\/agomar.com.ar\/?page_id=25"},"modified":"2014-07-03T13:07:09","modified_gmt":"2014-07-03T13:07:09","slug":"equipos-y-maquinaria","status":"publish","type":"page","link":"http:\/\/agomar.com.ar\/?page_id=25","title":{"rendered":"Equipos de trabajo"},"content":{"rendered":"<h1><span style=\"color: #9dd921;\">Nuestra mejor inversi\u00f3n,<br \/>\nEquipos + Recursos Humanos.<br \/>\n<\/span><\/h1>\n<p>&nbsp;<\/p>\n<p>En <span style=\"color: #c0c0c0;\"><strong>Talleres Metal\u00fargicos Agomar S.R.L<\/strong><\/span> estamos convencidos que el verdadero capital de una empresa, es su potencial humano. Por ello, consideramos su capacitaci\u00f3n como una de las inversiones m\u00e1s rentables de nuestra organizaci\u00f3n.<\/p>\n<p>Estos son algunos de los cursos a los que nuestro personal ha asistido para mantenerse a la vanguardia de las necesidades del mercado actual.<\/p>\n<p>Personal Administrativo:<\/p>\n<ul>\n<li>\n<h3>Importaci\u00f3n\/Exportaci\u00f3n, AIERA.<\/h3>\n<\/li>\n<li>\n<h3>Selecci\u00f3n y uso de materias primas, CEM.<\/h3>\n<\/li>\n<li>\n<h3>Asistencia a la gesti\u00f3n, IDEB.<\/h3>\n<\/li>\n<li>\n<h3>Marketing para PyME, CEM.<\/h3>\n<\/li>\n<li>\n<h3>Competitividad para PyMEs, CEM.<\/h3>\n<\/li>\n<li>\n<h3>CAD\/CAM, CIA.<\/h3>\n<\/li>\n<li>\n<h3>Seguridad Industrial, DUPONT<\/h3>\n<\/li>\n<li>\n<h3>An\u00e1lisis de vibraciones. Lubricantes y fallas de equipos.<\/h3>\n<\/li>\n<li>\n<h3>Eficiencia de l\u00edneas de producci\u00f3n hidr\u00e1ulica b\u00e1sica, REXROTH<\/h3>\n<\/li>\n<\/ul>\n<p>Capacitaci\u00f3n del personal en programas de:<\/p>\n<ul>\n<li>\n<h3>Riesgo de trabajo<\/h3>\n<\/li>\n<li>\n<h3>Combate contra incendio<\/h3>\n<\/li>\n<li>\n<h3>Orden y limpieza<\/h3>\n<\/li>\n<li>\n<h3>Uso de elementos de PROTECCI\u00d3N\u00a0personal.<\/h3>\n<\/li>\n<li>\n<h3>Contamos adem\u00e1s con estudios de Impacto Ambiental y con Responsable de Seguridad e Higiene sobre Ley 19.587<\/h3>\n<\/li>\n<\/ul>\n<p>Personal de planta:<\/p>\n<ul>\n<li>\n<h3>Trabajo en equipo, CEM.<\/h3>\n<\/li>\n<\/ul>\n<p>Secci\u00f3n mecanizado:<\/p>\n<ul>\n<li>\n<h3>Curso de mecanizado por arranque de viruta, Instituto Vasco Argentino.<\/h3>\n<\/li>\n<li>\n<h3>Curso de programaci\u00f3n para torno de control num\u00e9rico, Instituto Vasco Argentino.<\/h3>\n<\/li>\n<li>\n<h3>CAD\/CAM, Centro de Inform\u00e1tica Asistida.<\/h3>\n<\/li>\n<\/ul>\n<p>Secci\u00f3n Soldadura:<\/p>\n<ul>\n<li>Curso de soldadura sanitaria, Sistema TIG, Fundaci\u00f3n Latinoamericana de Soldadura.<\/li>\n<\/ul>\n<p><strong><span style=\"color: #9dd921;\">En permanente evoluci\u00f3n<\/span><\/strong><\/p>\n<p>En un rubro tan din\u00e1mico como el nuestro, las herramientas y materias primas con las que se trabaja hablan por s\u00ed solas de la calidad del producto que se ofrece. Aqu\u00ed enumeramos algunas de ellas.<\/p>\n<table border=\"0\" width=\"100%\">\n<tbody>\n<tr>\n<td width=\"50%\">\n<ul>\n<li>\n<h3>Centro de mecanizado CNC KIA TURRI.<\/h3>\n<\/li>\n<li>\n<h3>Torno CNC KIA Turri 2.<\/h3>\n<\/li>\n<li>\n<h3>Torno Paralelo Sideral 800\/1500.<\/h3>\n<\/li>\n<li>\n<h3>Torno Paralelo L-1860 con accesorios y sistema de lectura digital Mod. DP-700.<\/h3>\n<\/li>\n<li>\n<h3>Torno Paralelo L-2260 con accesorios y sistema de lectural digital Mod. DP-110.<\/h3>\n<\/li>\n<li>\n<h3>Torno Paralelo Wing 800\/5000.<\/h3>\n<\/li>\n<li>\n<h3>Fresadora vertical Maserati N\u00ba 5.<\/h3>\n<\/li>\n<li>\n<h3>Fresadora combinada Mod. ZX6350ZB con lectura digital.<\/h3>\n<\/li>\n<li>\n<h3>Fresadora de torreta Argo N\u00ba 5.<\/h3>\n<\/li>\n<li>\n<h3>Agujereadora radial Barani B42<\/h3>\n<\/li>\n<li>\n<h3>Cilindradora hidr\u00e1ulica de 4 rollos AKYAPAK Mod. AHS25\/16.<\/h3>\n<\/li>\n<\/ul>\n<\/td>\n<td width=\"50%\">\n<ul>\n<li>\n<h3>Rectificadora universal Bolatti R.N.U. 600<\/h3>\n<\/li>\n<li>\n<h3>Rectificadora de interior Normatic<\/h3>\n<\/li>\n<li>\n<h3>Rectificadora sin centro<\/h3>\n<\/li>\n<li>\n<h3>Rectificadora tangencial Normatic<\/h3>\n<\/li>\n<li>\n<h3>Mortajadora SHERN WEI 200 m\/m<\/h3>\n<\/li>\n<li>\n<h3>Roscadora el\u00e9ctrica hasta 4&#8243;<\/h3>\n<\/li>\n<li>\n<h3>Roscadora el\u00e9ctrica y manual hasta 2&#8243;<\/h3>\n<\/li>\n<li>\n<h3>Soldadora TIG CEA 250 HF<\/h3>\n<\/li>\n<li>\n<h3>Soldadora TIG Merle 350 HF<\/h3>\n<\/li>\n<li>\n<h3>Soldadora MAG-MIG TAMIG 400<\/h3>\n<\/li>\n<li>\n<h3>Soldadora el\u00e9ctrica Intraud 250 CA\/CC<\/h3>\n<\/li>\n<li>\n<h3>Soldadora por puntos Soldec SPN25<\/h3>\n<\/li>\n<li>\n<h3>Puente gr\u00faa 2000 kg.<\/h3>\n<\/li>\n<li>\n<h3>Puente gr\u00faa 3000 kg.<\/h3>\n<\/li>\n<li>\n<h3>Puente gr\u00faa 15000 kg.<\/h3>\n<\/li>\n<\/ul>\n<\/td>\n<\/tr>\n<\/tbody>\n<\/table>\n","protected":false},"excerpt":{"rendered":"<p>Nuestra mejor inversi\u00f3n, Equipos + Recursos Humanos. &nbsp; En Talleres Metal\u00fargicos Agomar S.R.L estamos convencidos que el verdadero capital de una empresa, es su potencial humano. Por ello, consideramos su capacitaci\u00f3n como una de las inversiones m\u00e1s rentables de nuestra &hellip; <a href=\"http:\/\/agomar.com.ar\/?page_id=25\">Sigue leyendo <span class=\"meta-nav\">&rarr;<\/span><\/a><\/p>\n","protected":false},"author":2,"featured_media":0,"parent":0,"menu_order":2,"comment_status":"closed","ping_status":"closed","template":"","meta":{"ngg_post_thumbnail":0,"footnotes":""},"class_list":["post-25","page","type-page","status-publish","hentry"],"_links":{"self":[{"href":"http:\/\/agomar.com.ar\/index.php?rest_route=\/wp\/v2\/pages\/25","targetHints":{"allow":["GET"]}}],"collection":[{"href":"http:\/\/agomar.com.ar\/index.php?rest_route=\/wp\/v2\/pages"}],"about":[{"href":"http:\/\/agomar.com.ar\/index.php?rest_route=\/wp\/v2\/types\/page"}],"author":[{"embeddable":true,"href":"http:\/\/agomar.com.ar\/index.php?rest_route=\/wp\/v2\/users\/2"}],"replies":[{"embeddable":true,"href":"http:\/\/agomar.com.ar\/index.php?rest_route=%2Fwp%2Fv2%2Fcomments&post=25"}],"version-history":[{"count":17,"href":"http:\/\/agomar.com.ar\/index.php?rest_route=\/wp\/v2\/pages\/25\/revisions"}],"predecessor-version":[{"id":143,"href":"http:\/\/agomar.com.ar\/index.php?rest_route=\/wp\/v2\/pages\/25\/revisions\/143"}],"wp:attachment":[{"href":"http:\/\/agomar.com.ar\/index.php?rest_route=%2Fwp%2Fv2%2Fmedia&parent=25"}],"curies":[{"name":"wp","href":"https:\/\/api.w.org\/{rel}","templated":true}]}}