{"id":13,"date":"2014-04-13T15:58:12","date_gmt":"2014-04-13T15:58:12","guid":{"rendered":"http:\/\/agomar.com.ar\/?page_id=13"},"modified":"2014-06-05T11:19:19","modified_gmt":"2014-06-05T11:19:19","slug":"trabajo-argentino-estandar-internacion","status":"publish","type":"page","link":"http:\/\/agomar.com.ar\/","title":{"rendered":"TM AGOMAR"},"content":{"rendered":"<h1><span style=\"color: #9dd921;\">Trabajo Argentino,<br \/>\n<strong>Est\u00e1ndar Internacional<\/strong><\/span><\/h1>\n<p>&nbsp;<\/p>\n<p style=\"padding-left: 30px;\"><span style=\"color: #808080;\"><span style=\"color: #c0c0c0;\"><strong>Talleres Metal\u00fargicos Agomar S.R.L.<\/strong><\/span> es la consolidaci\u00f3n de un proyecto familiar que ha sabido adaptarse a las cambiantes exigencias del mercado, manteni\u00e9ndose en constante evoluci\u00f3n.<\/span><\/p>\n<p style=\"padding-left: 30px;\"><span style=\"color: #808080;\">Ubicado en la ciudad de Mercedes, Buenos Aires, <strong><span style=\"color: #c0c0c0;\">Talleres Metal\u00fargicos Agomar S.R.L.<\/span><\/strong> cuenta hoy con una planta de mecanizado, equipada con maquinarias que aseguran una<\/span> <span style=\"color: #808080;\"> excelente terminaci\u00f3n de los productos y una planta de montaje con las dimensiones adecuadas para satisfacer las demandas de nuestros clientes, a lo que suma el compromiso del personal, altamente capacitado en las funciones espec\u00edficas de cada uno de los procesos y herramientas.<\/span><\/p>\n<p style=\"padding-left: 30px;\"><span style=\"color: #808080;\"><span style=\"color: #c0c0c0;\"><strong>Talleres Metal\u00fargicos Agomar S.R.L.<\/strong><\/span>, en sus 45 a\u00f1os de vida, ha sabido ganarse la confianza de sus clientes, brind\u00e1ndoles asistencia personalizada y soluciones en la producci\u00f3n de una extensa variedad de piezas sobre plano o sobre muestra.<\/span><\/p>\n","protected":false},"excerpt":{"rendered":"<p>Trabajo Argentino, Est\u00e1ndar Internacional &nbsp; Talleres Metal\u00fargicos Agomar S.R.L. es la consolidaci\u00f3n de un proyecto familiar que ha sabido adaptarse a las cambiantes exigencias del mercado, manteni\u00e9ndose en constante evoluci\u00f3n. Ubicado en la ciudad de Mercedes, Buenos Aires, Talleres Metal\u00fargicos &hellip; <a href=\"http:\/\/agomar.com.ar\/\">Sigue leyendo <span class=\"meta-nav\">&rarr;<\/span><\/a><\/p>\n","protected":false},"author":2,"featured_media":0,"parent":0,"menu_order":0,"comment_status":"closed","ping_status":"closed","template":"","meta":{"ngg_post_thumbnail":0,"footnotes":""},"class_list":["post-13","page","type-page","status-publish","hentry"],"_links":{"self":[{"href":"http:\/\/agomar.com.ar\/index.php?rest_route=\/wp\/v2\/pages\/13","targetHints":{"allow":["GET"]}}],"collection":[{"href":"http:\/\/agomar.com.ar\/index.php?rest_route=\/wp\/v2\/pages"}],"about":[{"href":"http:\/\/agomar.com.ar\/index.php?rest_route=\/wp\/v2\/types\/page"}],"author":[{"embeddable":true,"href":"http:\/\/agomar.com.ar\/index.php?rest_route=\/wp\/v2\/users\/2"}],"replies":[{"embeddable":true,"href":"http:\/\/agomar.com.ar\/index.php?rest_route=%2Fwp%2Fv2%2Fcomments&post=13"}],"version-history":[{"count":13,"href":"http:\/\/agomar.com.ar\/index.php?rest_route=\/wp\/v2\/pages\/13\/revisions"}],"predecessor-version":[{"id":136,"href":"http:\/\/agomar.com.ar\/index.php?rest_route=\/wp\/v2\/pages\/13\/revisions\/136"}],"wp:attachment":[{"href":"http:\/\/agomar.com.ar\/index.php?rest_route=%2Fwp%2Fv2%2Fmedia&parent=13"}],"curies":[{"name":"wp","href":"https:\/\/api.w.org\/{rel}","templated":true}]}}